{"id":39,"date":"2021-11-09T21:09:07","date_gmt":"2021-11-09T20:09:07","guid":{"rendered":"https:\/\/photobellifontaine.com\/?page_id=39"},"modified":"2024-10-09T12:11:28","modified_gmt":"2024-10-09T10:11:28","slug":"labo-photo","status":"publish","type":"page","link":"https:\/\/photobellifontaine.com\/index.php\/labo-photo\/","title":{"rendered":"Labo photo argentique"},"content":{"rendered":"\n<h1 class=\"has-text-align-center\"><strong>Laboratoire photographique professionnel \u00e0 Fontainebleau<br>Services num\u00e9riques et argentiques<\/strong><\/h1>\n\n\n\n<p>D\u00e9veloppement et tirage de tous films argentiques Couleur et Noir et Blanc<br>Num\u00e9risation haute d\u00e9finition<br>Retouche num\u00e9rique et traitement des fichiers avant au frontier Fuji 570<br>Restauration des photos anciennes<\/p>\n\n\n\n<div class=\"wp-block-image\"><figure class=\"aligncenter size-large\"><img loading=\"lazy\" width=\"720\" height=\"1024\" src=\"https:\/\/photobellifontaine.com\/wp-content\/uploads\/2024\/10\/tarifs-photos-argentique-720x1024.jpg\" alt=\"tarifs photos argentique\" class=\"wp-image-329\" srcset=\"https:\/\/photobellifontaine.com\/wp-content\/uploads\/2024\/10\/tarifs-photos-argentique-720x1024.jpg 720w, https:\/\/photobellifontaine.com\/wp-content\/uploads\/2024\/10\/tarifs-photos-argentique-211x300.jpg 211w, https:\/\/photobellifontaine.com\/wp-content\/uploads\/2024\/10\/tarifs-photos-argentique-768x1092.jpg 768w, https:\/\/photobellifontaine.com\/wp-content\/uploads\/2024\/10\/tarifs-photos-argentique.jpg 985w\" sizes=\"(max-width: 720px) 100vw, 720px\" \/><figcaption>Tarifs d\u00e9veloppement photo argentique \u00e0 Fontainebleau<\/figcaption><\/figure><\/div>\n","protected":false},"excerpt":{"rendered":"<p>Laboratoire photographique professionnel \u00e0 FontainebleauServices num\u00e9riques et argentiques D\u00e9veloppement et tirage de tous films argentiques Couleur et Noir et BlancNum\u00e9risation haute d\u00e9finitionRetouche num\u00e9rique et traitement des fichiers avant au frontier Fuji 570Restauration des photos anciennes<\/p>\n","protected":false},"author":1,"featured_media":0,"parent":0,"menu_order":0,"comment_status":"closed","ping_status":"closed","template":"","meta":[],"_links":{"self":[{"href":"https:\/\/photobellifontaine.com\/index.php\/wp-json\/wp\/v2\/pages\/39"}],"collection":[{"href":"https:\/\/photobellifontaine.com\/index.php\/wp-json\/wp\/v2\/pages"}],"about":[{"href":"https:\/\/photobellifontaine.com\/index.php\/wp-json\/wp\/v2\/types\/page"}],"author":[{"embeddable":true,"href":"https:\/\/photobellifontaine.com\/index.php\/wp-json\/wp\/v2\/users\/1"}],"replies":[{"embeddable":true,"href":"https:\/\/photobellifontaine.com\/index.php\/wp-json\/wp\/v2\/comments?post=39"}],"version-history":[{"count":8,"href":"https:\/\/photobellifontaine.com\/index.php\/wp-json\/wp\/v2\/pages\/39\/revisions"}],"predecessor-version":[{"id":331,"href":"https:\/\/photobellifontaine.com\/index.php\/wp-json\/wp\/v2\/pages\/39\/revisions\/331"}],"wp:attachment":[{"href":"https:\/\/photobellifontaine.com\/index.php\/wp-json\/wp\/v2\/media?parent=39"}],"curies":[{"name":"wp","href":"https:\/\/api.w.org\/{rel}","templated":true}]}}