{"id":112,"date":"2021-11-20T11:59:55","date_gmt":"2021-11-20T10:59:55","guid":{"rendered":"https:\/\/photobellifontaine.com\/?page_id=112"},"modified":"2024-07-27T13:20:45","modified_gmt":"2024-07-27T11:20:45","slug":"tirage-photo-numerique","status":"publish","type":"page","link":"https:\/\/photobellifontaine.com\/index.php\/tirage-photo-numerique\/","title":{"rendered":"Tirage photo num\u00e9rique"},"content":{"rendered":"\n<p>Obtenez des tirages photos de qualit\u00e9 professionnelle  dans notre labophoto \u00e9quip\u00e9 avec le&nbsp;&nbsp;Minilab &#8211;&nbsp;<em>Fuji Frontier 570<\/em>.<br>tirages en papier photo fuji HD Mat ou Brillant <\/p>\n\n\n\n<figure class=\"wp-block-gallery aligncenter columns-1 is-cropped\"><ul class=\"blocks-gallery-grid\"><li class=\"blocks-gallery-item\"><figure><img loading=\"lazy\" width=\"933\" height=\"1400\" src=\"https:\/\/photobellifontaine.com\/wp-content\/uploads\/2024\/07\/tarifs-tirage-numerique-2024.jpg\" alt=\"\" data-id=\"321\" data-full-url=\"https:\/\/photobellifontaine.com\/wp-content\/uploads\/2024\/07\/tarifs-tirage-numerique-2024.jpg\" data-link=\"https:\/\/photobellifontaine.com\/index.php\/tirage-photo-numerique\/tarifs-tirage-numerique-2024\/\" class=\"wp-image-321\" srcset=\"https:\/\/photobellifontaine.com\/wp-content\/uploads\/2024\/07\/tarifs-tirage-numerique-2024.jpg 933w, https:\/\/photobellifontaine.com\/wp-content\/uploads\/2024\/07\/tarifs-tirage-numerique-2024-200x300.jpg 200w, https:\/\/photobellifontaine.com\/wp-content\/uploads\/2024\/07\/tarifs-tirage-numerique-2024-682x1024.jpg 682w, https:\/\/photobellifontaine.com\/wp-content\/uploads\/2024\/07\/tarifs-tirage-numerique-2024-768x1152.jpg 768w\" sizes=\"(max-width: 933px) 100vw, 933px\" \/><\/figure><\/li><\/ul><figcaption class=\"blocks-gallery-caption\">Tarifs photos num\u00e9rique \u00e0 Fontainebleau<\/figcaption><\/figure>\n\n\n\n<p><\/p>\n","protected":false},"excerpt":{"rendered":"<p>Obtenez des tirages photos de qualit\u00e9 professionnelle dans notre labophoto \u00e9quip\u00e9 avec le&nbsp;&nbsp;Minilab &#8211;&nbsp;Fuji Frontier 570.tirages en papier photo fuji HD Mat ou Brillant<\/p>\n","protected":false},"author":1,"featured_media":0,"parent":0,"menu_order":0,"comment_status":"closed","ping_status":"closed","template":"","meta":[],"_links":{"self":[{"href":"https:\/\/photobellifontaine.com\/index.php\/wp-json\/wp\/v2\/pages\/112"}],"collection":[{"href":"https:\/\/photobellifontaine.com\/index.php\/wp-json\/wp\/v2\/pages"}],"about":[{"href":"https:\/\/photobellifontaine.com\/index.php\/wp-json\/wp\/v2\/types\/page"}],"author":[{"embeddable":true,"href":"https:\/\/photobellifontaine.com\/index.php\/wp-json\/wp\/v2\/users\/1"}],"replies":[{"embeddable":true,"href":"https:\/\/photobellifontaine.com\/index.php\/wp-json\/wp\/v2\/comments?post=112"}],"version-history":[{"count":11,"href":"https:\/\/photobellifontaine.com\/index.php\/wp-json\/wp\/v2\/pages\/112\/revisions"}],"predecessor-version":[{"id":323,"href":"https:\/\/photobellifontaine.com\/index.php\/wp-json\/wp\/v2\/pages\/112\/revisions\/323"}],"wp:attachment":[{"href":"https:\/\/photobellifontaine.com\/index.php\/wp-json\/wp\/v2\/media?parent=112"}],"curies":[{"name":"wp","href":"https:\/\/api.w.org\/{rel}","templated":true}]}}